{"id":60671,"date":"2025-10-06T15:08:09","date_gmt":"2025-10-06T15:08:09","guid":{"rendered":"http:\/\/18.196.36.165\/product\/sony-playstation-pulse-3d-bluetooth-wireless-headphone-white\/"},"modified":"2025-10-06T15:12:21","modified_gmt":"2025-10-06T15:12:21","slug":"sony-playstation-pulse-3d-bluetooth-wireless-headphone-white","status":"publish","type":"product","link":"https:\/\/www.tendeal.qa\/ar\/product\/sony-playstation-pulse-3d-bluetooth-wireless-headphone-white\/","title":{"rendered":"\u0633\u0648\u0646\u064a \u0628\u0644\u0627\u064a\u0633\u062a\u064a\u0634\u0646 \u0628\u0644\u0627\u064a\u0633\u062a\u064a\u0634\u0646 \u0628\u0627\u0644\u0633 3D \u0633\u0645\u0627\u0639\u0629 \u0631\u0623\u0633 \u0644\u0627\u0633\u0644\u0643\u064a\u0629 \u0628\u0644\u0648\u062a\u0648\u062b - \u0623\u0628\u064a\u0636"},"content":{"rendered":"<p>\u0646\u0638\u0631\u0629 \u0639\u0627\u0645\u0629 \u0639\u0644\u0649 \u0627\u0644\u0645\u0646\u062a\u062c: \u0635\u064f\u0645\u0645\u062a \u0633\u0645\u0627\u0639\u0629 \u0627\u0644\u0631\u0623\u0633 Pulse 3D \u0627\u0644\u0645\u0635\u0645\u0645\u0629 \u0644\u062c\u0647\u0627\u0632 PS5\u060c \u0648\u0647\u064a \u062a\u0648\u0641\u0631 \u0635\u0648\u062a\u064b\u0627 \u0645\u0643\u0627\u0646\u064a\u064b\u0627 \u0648\u0627\u062a\u0635\u0627\u0644\u064b\u0627 \u0648\u0627\u0636\u062d\u064b\u0627 \u0641\u064a \u062a\u0635\u0645\u064a\u0645 \u0623\u0646\u064a\u0642 \u0648\u0645\u064f\u062d\u0633\u0651\u0646 \u0644\u0644\u0627\u0639\u0628\u064a\u0646. \u0627\u0644\u0645\u064a\u0632\u0627\u062a \u0627\u0644\u0631\u0626\u064a\u0633\u064a\u0629: \u2023 \u0645\u0636\u0628\u0648\u0637\u0629 \u0644\u062a\u0642\u0646\u064a\u0629 Tempest 3D AudioTech \u0645\u0639 \u0625\u062e\u0631\u0627\u062c \u0645\u0643\u0627\u0646\u064a \u063a\u0627\u0645\u0631 \u2023 \u062d\u0634\u0648\u0629 \u0646\u0627\u0639\u0645\u0629 \u0648\u0645\u064a\u0643\u0631\u0648\u0641\u0648\u0646\u0627\u062a \u0645\u0632\u062f\u0648\u062c\u0629 \u062a\u0636\u0645\u0646 \u0627\u0644\u0631\u0627\u062d\u0629 \u0648\u0627\u0644\u0648\u0636\u0648\u062d \u2023 \u0634\u062d\u0646 USB-C \u0648\u0625\u0639\u062f\u0627\u062f\u0627\u062a EQ \u0648\u062a\u0648\u0627\u0641\u0642 \u0645\u062a\u0639\u062f\u062f \u0627\u0644\u0645\u0646\u0635\u0627\u062a \u0627\u0644\u0645\u0648\u0627\u0635\u0641\u0627\u062a \u0627\u0644\u062a\u0642\u0646\u064a\u0629: \u2023 \u0627\u0644\u0623\u0628\u0639\u0627\u062f: 9 \u00d7 9 \u00d7 9 \u00d7 5.25 \u0628\u0648\u0635\u0629 \u2023 \u0627\u0644\u0645\u0627\u062f\u0629: \u0628\u0644\u0627\u0633\u062a\u064a\u0643 \u0645\u0639 \u062d\u0634\u0648\u0629 \u0625\u0633\u0641\u0646\u062c\u064a\u0629 \u0648\u0639\u0635\u0627\u0628\u0629 \u0631\u0623\u0633 \u0642\u0627\u0628\u0644\u0629 \u0644\u0644\u062a\u0639\u062f\u064a\u0644 \u2023 \u0625\u0645\u0643\u0627\u0646\u064a\u0629 \u0627\u0644\u0627\u062a\u0635\u0627\u0644: \u0628\u0644\u0648\u062a\u0648\u062b\u060c USB-C\u060c \u0645\u0642\u0628\u0633 3.5 \u0645\u0644\u0645 \u2023 \u0627\u0644\u062a\u0648\u0627\u0641\u0642: PS5 \u0648PS VR \u0648PS VR \u0648PS4 \u0648\u0627\u0644\u0623\u062c\u0647\u0632\u0629 \u0627\u0644\u062a\u064a \u062a\u062f\u0639\u0645 3.5 \u0645\u0645<\/p>","protected":false},"excerpt":{"rendered":"<p><\/p>","protected":false},"featured_media":60670,"comment_status":"open","ping_status":"closed","template":"","meta":{"_acf_changed":false},"product_brand":[],"product_cat":[1743,251],"product_tag":[],"class_list":{"0":"post-60671","1":"product","2":"type-product","3":"status-publish","4":"has-post-thumbnail","6":"product_cat-earphones-and-headphones","7":"product_cat-electronics","9":"first","10":"instock","11":"taxable","12":"shipping-taxable","13":"purchasable","14":"product-type-simple"},"acf":[],"_links":{"self":[{"href":"https:\/\/www.tendeal.qa\/ar\/wp-json\/wp\/v2\/product\/60671","targetHints":{"allow":["GET"]}}],"collection":[{"href":"https:\/\/www.tendeal.qa\/ar\/wp-json\/wp\/v2\/product"}],"about":[{"href":"https:\/\/www.tendeal.qa\/ar\/wp-json\/wp\/v2\/types\/product"}],"replies":[{"embeddable":true,"href":"https:\/\/www.tendeal.qa\/ar\/wp-json\/wp\/v2\/comments?post=60671"}],"wp:featuredmedia":[{"embeddable":true,"href":"https:\/\/www.tendeal.qa\/ar\/wp-json\/wp\/v2\/media\/60670"}],"wp:attachment":[{"href":"https:\/\/www.tendeal.qa\/ar\/wp-json\/wp\/v2\/media?parent=60671"}],"wp:term":[{"taxonomy":"product_brand","embeddable":true,"href":"https:\/\/www.tendeal.qa\/ar\/wp-json\/wp\/v2\/product_brand?post=60671"},{"taxonomy":"product_cat","embeddable":true,"href":"https:\/\/www.tendeal.qa\/ar\/wp-json\/wp\/v2\/product_cat?post=60671"},{"taxonomy":"product_tag","embeddable":true,"href":"https:\/\/www.tendeal.qa\/ar\/wp-json\/wp\/v2\/product_tag?post=60671"}],"curies":[{"name":"\u062f\u0628\u0644\u064a\u0648 \u0628\u064a","href":"https:\/\/api.w.org\/{rel}","templated":true}]}}