{"id":4889,"date":"2025-05-11T15:19:32","date_gmt":"2025-05-11T15:19:32","guid":{"rendered":"http:\/\/18.196.36.165\/product\/dahua-sd-card-256gb\/"},"modified":"2025-10-08T10:35:16","modified_gmt":"2025-10-08T10:35:16","slug":"dahua-sd-card-256gb","status":"publish","type":"product","link":"https:\/\/www.tendeal.qa\/ar\/product\/dahua-sd-card-256gb\/","title":{"rendered":"\u0628\u0637\u0627\u0642\u0629 SD \u0645\u0646 \u062f\u0627\u0647\u0648\u0627 \u0628\u0633\u0639\u0629 256 \u062c\u064a\u062c\u0627\u0628\u0627\u064a\u062a"},"content":{"rendered":"<p>\u0627\u0644\u0637\u0631\u0627\u0632 DHI-TF-C100-C100\/256GB<br \/>\u0627\u0644\u0633\u0639\u0629 256 \u062c\u064a\u062c\u0627\u0628\u0627\u064a\u062a<br \/>\u0633\u0631\u0639\u0629 \u0642\u0631\u0627\u0621\u0629 \u062a\u0635\u0644 \u0625\u0644\u0649 90 \u0645\u064a\u062c\u0627\u0628\u0627\u064a\u062a\/\u062b\u0627\u0646\u064a\u0629<br \/>\u0633\u0631\u0639\u0629 \u0643\u062a\u0627\u0628\u0629 \u062a\u0635\u0644 \u0625\u0644\u0649 95 \u0645\u064a\u062c\u0627\u0628\u0627\u064a\u062a\/\u062b\u0627\u0646\u064a\u0629<br \/>\u0646\u0638\u0627\u0645 \u0627\u0644\u0645\u0644\u0641\u0627\u062a FAT32<br \/>\u0623\u0631\u0628\u0639\u0629 \u0623\u0646\u0648\u0627\u0639 \u0645\u0646 \u0627\u0644\u062d\u0645\u0627\u064a\u0629 \u0645\u0642\u0627\u0648\u0645\u0629 \u0644\u062f\u0631\u062c\u0627\u062a \u0627\u0644\u062d\u0631\u0627\u0631\u0629 \u0627\u0644\u0639\u0627\u0644\u064a\u0629 \u0648\u0627\u0644\u0645\u0646\u062e\u0641\u0636\u0629<br \/>\u0645\u0642\u0627\u0648\u0645 \u0644\u0644\u0645\u0627\u0621<br \/>\u0645\u0636\u0627\u062f \u0644\u0644\u0645\u063a\u0646\u0627\u0637\u064a\u0633\u064a\u0629<br \/>\u0645\u0636\u0627\u062f \u0644\u0644\u0623\u0634\u0639\u0629 \u0627\u0644\u0633\u064a\u0646\u064a\u0629<br \/>\u0627\u0644\u062a\u0648\u0627\u0641\u0642 \u0623\u062c\u0647\u0632\u0629 \u0627\u0644\u0623\u0644\u0639\u0627\u0628 \u0627\u0644\u0645\u062a\u0648\u0627\u0641\u0642\u0629<br \/>\u0627\u0644\u0647\u0648\u0627\u062a\u0641 \u0627\u0644\u0645\u062d\u0645\u0648\u0644\u0629<br \/>\u0627\u0644\u0623\u062c\u0647\u0632\u0629 \u0627\u0644\u0644\u0648\u062d\u064a\u0629<br \/>\u0623\u0646\u0638\u0645\u0629 \u0633\u062a\u064a\u0631\u064a\u0648 \u0631\u0642\u0645\u064a\u0629<br \/>\u0623\u062c\u0647\u0632\u0629 \u0627\u0644\u0643\u0645\u0628\u064a\u0648\u062a\u0631...<br \/>Product Dimensions 15.0 mm \u00d7 11.0 mm \u00d7 1.0 mm (0.59&#8243; \u00d7 0.43&#8243; \u00d7 0.04&#8243;)<br \/>\u0627\u0644\u0648\u0632\u0646 \u0627\u0644\u0635\u0627\u0641\u064a 0.16 \u062c\u0645<br \/>\u0636\u0645\u0627\u0646 \u0644\u0645\u062f\u0629 7 \u0633\u0646\u0648\u0627\u062a<\/p>","protected":false},"excerpt":{"rendered":"<p><br data-mce-bogus=\"1\"><\/p>","protected":false},"featured_media":60778,"comment_status":"open","ping_status":"closed","template":"","meta":{"_acf_changed":false},"product_brand":[111],"product_cat":[1559],"product_tag":[1524,1567,1519,1560,1529,1563,1562,52,1551,1564],"class_list":{"0":"post-4889","1":"product","2":"type-product","3":"status-publish","4":"has-post-thumbnail","6":"product_brand-dahua-technology","7":"product_cat-storage-devices","8":"product_tag-1524","9":"product_tag-1567","10":"product_tag-c","11":"product_tag-card","12":"product_tag-dahua","13":"product_tag-dhi","14":"product_tag-gb","15":"product_tag-printed","16":"product_tag-sd","17":"product_tag-tf","19":"first","20":"instock","21":"purchasable","22":"product-type-simple"},"acf":[],"_links":{"self":[{"href":"https:\/\/www.tendeal.qa\/ar\/wp-json\/wp\/v2\/product\/4889","targetHints":{"allow":["GET"]}}],"collection":[{"href":"https:\/\/www.tendeal.qa\/ar\/wp-json\/wp\/v2\/product"}],"about":[{"href":"https:\/\/www.tendeal.qa\/ar\/wp-json\/wp\/v2\/types\/product"}],"replies":[{"embeddable":true,"href":"https:\/\/www.tendeal.qa\/ar\/wp-json\/wp\/v2\/comments?post=4889"}],"wp:featuredmedia":[{"embeddable":true,"href":"https:\/\/www.tendeal.qa\/ar\/wp-json\/wp\/v2\/media\/60778"}],"wp:attachment":[{"href":"https:\/\/www.tendeal.qa\/ar\/wp-json\/wp\/v2\/media?parent=4889"}],"wp:term":[{"taxonomy":"product_brand","embeddable":true,"href":"https:\/\/www.tendeal.qa\/ar\/wp-json\/wp\/v2\/product_brand?post=4889"},{"taxonomy":"product_cat","embeddable":true,"href":"https:\/\/www.tendeal.qa\/ar\/wp-json\/wp\/v2\/product_cat?post=4889"},{"taxonomy":"product_tag","embeddable":true,"href":"https:\/\/www.tendeal.qa\/ar\/wp-json\/wp\/v2\/product_tag?post=4889"}],"curies":[{"name":"\u062f\u0628\u0644\u064a\u0648 \u0628\u064a","href":"https:\/\/api.w.org\/{rel}","templated":true}]}}