{"id":4872,"date":"2025-05-11T15:19:27","date_gmt":"2025-05-11T15:19:27","guid":{"rendered":"http:\/\/18.196.36.165\/product\/dahua-2mp-wi-fi-full-color-bullet-camera\/"},"modified":"2025-05-12T18:11:33","modified_gmt":"2025-05-12T18:11:33","slug":"dahua-2mp-wi-fi-full-color-bullet-camera","status":"publish","type":"product","link":"https:\/\/www.tendeal.qa\/ar\/product\/dahua-2mp-wi-fi-full-color-bullet-camera\/","title":{"rendered":"\u0643\u0627\u0645\u064a\u0631\u0627 \u062f\u0627\u0647\u0648\u0627 2 \u0645\u064a\u062c\u0627\u0628\u0643\u0633\u0644 \u0648\u0627\u064a \u0641\u0627\u064a \u0645\u0644\u0648\u0646\u0629 \u0643\u0627\u0645\u0644\u0629 \u0627\u0644\u0623\u0644\u0648\u0627\u0646"},"content":{"rendered":"<p>Model Dahua DH-F2C-LED<br \/>\n\u0646\u0648\u0639 \u0627\u0644\u0643\u0627\u0645\u064a\u0631\u0627 Wi-Fi<br \/>\nVideo Resolution 1080p (1920 \u00d71080)<br \/>\n\u0639\u062f\u0633\u0629 \u0639\u062f\u0633\u0629 \u062b\u0627\u0628\u062a\u0629<br \/>\nVideo Compression H.264B; H.264; H.264H; H.265<br \/>\nPTZ No<br \/>\n\u0648\u0636\u0639 \u0627\u0644\u062a\u0643\u0628\u064a\u0631\/\u0627\u0644\u062a\u0643\u0628\u064a\u0631\/\u0627\u0644\u062a\u0635\u063a\u064a\u0631 \u0627\u0644\u0631\u0642\u0645\u064a<br \/>\nDay &amp; Night Color\/B\/W<br \/>\nInfrared Night Vision &#8211;<br \/>\nNight Vision Color Night Vision with Warm light<br \/>\n\u0627\u0644\u0635\u0648\u062a \u0635\u0648\u062a \u062b\u0646\u0627\u0626\u064a \u0627\u0644\u0627\u062a\u062c\u0627\u0647\u060c \u0645\u064a\u0643\u0631\u0648\u0641\u0648\u0646 \u0648\u0645\u0643\u0628\u0631 \u0635\u0648\u062a \u0645\u062f\u0645\u062c<br \/>\n\u062a\u0646\u0628\u064a\u0647 Audion \u062a\u0646\u0628\u064a\u0647 Audion \u0627\u0644\u0645\u062e\u0635\u0635<br \/>\nBattery 2W (12 VDC)<br \/>\nSupport &#8211;<br \/>\nPower 2 W (12 VDC)<br \/>\n\u0632\u0631 \u0625\u0639\u0627\u062f\u0629 \u0636\u0628\u0637 \u0627\u0644\u0646\u0638\u0627\u0645<br \/>\nLocal Storage Micro SD card slot (max. 256GB)<br \/>\n\u0627\u0644\u062a\u062e\u0632\u064a\u0646 \u0627\u0644\u0633\u062d\u0627\u0628\u064a \u0627\u0644\u062a\u062e\u0632\u064a\u0646 \u0627\u0644\u0633\u062d\u0627\u0628\u064a \u062f\u0627\u0647\u0648\u0627 \u0627\u0644\u062a\u062e\u0632\u064a\u0646 \u0627\u0644\u0633\u062d\u0627\u0628\u064a (\u0641\u0648\u062f\u064a\u0648\u0644\u0648\u0641\u062a)<br \/>\nMotion AI human detection, Filtering out unnessary objects(Leaves, Light, Pets&#8230;)<br \/>\nWork with Dahua&#8217;s Application (Smart PSS; DSS; DMSS)<br \/>\n\u0645\u0642\u0627\u0648\u0645 \u0644\u0644\u0645\u0627\u0621 IP67<br \/>\nDimensions (L*W*H) 5.47&#8243; \u00d7 4.80&#8243; \u00d7 3.83&#8243; (131.0 mm \u00d7 78.4 mm \u00d7 97.2 mm)<br \/>\nWeight 254.5 g (0.56 lb)<br \/>\n\u0627\u0644\u0643\u0641\u0627\u0644\u0629 2 \u0633\u0646\u0629<\/p>","protected":false},"excerpt":{"rendered":"<p>Model Dahua DH-F2C-LED Camera Type Wi-Fi Video Resolution 1080p (1920 \u00d71080) Lens Fixed lens Video Compression H.264B; H.264; H.264H; H.265 PTZ No Zoom Mode Digital zoom Day &amp; Night Color\/B\/W Infrared Night Vision &#8211; Night Vision Color Night Vision with Warm light Audio Two-way audio, Built in Microphone and Speaker Audion Alert Customized Audion alert [&hellip;]<\/p>","protected":false},"featured_media":4980,"comment_status":"open","ping_status":"closed","template":"","meta":{"_acf_changed":false},"product_brand":[111],"product_cat":[1384],"product_tag":[1533,1441,1416,1535,1529,1530,1531,1534,1532,52,1395],"class_list":{"0":"post-4872","1":"product","2":"type-product","3":"status-publish","4":"has-post-thumbnail","6":"product_brand-dahua-technology","7":"product_cat-video-surveillance","8":"product_tag-2mp","9":"product_tag-bullet","10":"product_tag-camera","11":"product_tag-color","12":"product_tag-dahua","13":"product_tag-dh","14":"product_tag-f2c","15":"product_tag-full","16":"product_tag-led","17":"product_tag-printed","18":"product_tag-wifi","20":"first","21":"instock","22":"purchasable","23":"product-type-simple"},"acf":[],"_links":{"self":[{"href":"https:\/\/www.tendeal.qa\/ar\/wp-json\/wp\/v2\/product\/4872","targetHints":{"allow":["GET"]}}],"collection":[{"href":"https:\/\/www.tendeal.qa\/ar\/wp-json\/wp\/v2\/product"}],"about":[{"href":"https:\/\/www.tendeal.qa\/ar\/wp-json\/wp\/v2\/types\/product"}],"replies":[{"embeddable":true,"href":"https:\/\/www.tendeal.qa\/ar\/wp-json\/wp\/v2\/comments?post=4872"}],"wp:featuredmedia":[{"embeddable":true,"href":"https:\/\/www.tendeal.qa\/ar\/wp-json\/wp\/v2\/media\/4980"}],"wp:attachment":[{"href":"https:\/\/www.tendeal.qa\/ar\/wp-json\/wp\/v2\/media?parent=4872"}],"wp:term":[{"taxonomy":"product_brand","embeddable":true,"href":"https:\/\/www.tendeal.qa\/ar\/wp-json\/wp\/v2\/product_brand?post=4872"},{"taxonomy":"product_cat","embeddable":true,"href":"https:\/\/www.tendeal.qa\/ar\/wp-json\/wp\/v2\/product_cat?post=4872"},{"taxonomy":"product_tag","embeddable":true,"href":"https:\/\/www.tendeal.qa\/ar\/wp-json\/wp\/v2\/product_tag?post=4872"}],"curies":[{"name":"\u062f\u0628\u0644\u064a\u0648 \u0628\u064a","href":"https:\/\/api.w.org\/{rel}","templated":true}]}}