{"id":43263,"date":"2025-06-17T13:25:58","date_gmt":"2025-06-17T13:25:58","guid":{"rendered":"http:\/\/18.196.36.165\/product\/pokemon-tcg-holiday-calendar\/"},"modified":"2025-06-25T14:49:16","modified_gmt":"2025-06-25T14:49:16","slug":"pokemon-tcg-holiday-calendar","status":"publish","type":"product","link":"https:\/\/www.tendeal.qa\/ar\/product\/pokemon-tcg-holiday-calendar\/","title":{"rendered":"Pokemon Tcg: Holiday Calendar"},"content":{"rendered":"<p>25 days of Pok\u00e9mon TCG surprises! Celebrate the season with 25 days of surprises in the Pok\u00e9mon TCG Christmas calendar. From special foil cards to booster packs and more, there&#8217;s a different Pok\u00e9mon gift to open every day. Start the Christmas season off right with this great item for your Pok\u00e9mon fan.<\/p>","protected":false},"excerpt":{"rendered":"<p>25 days of Pok\u00e9mon TCG surprises! Celebrate the season with 25 days of surprises in the Pok\u00e9mon TCG Christmas calendar. From special foil cards to booster packs and more, there&#8217;s a different Pok\u00e9mon gift to open every day. Start the Christmas season off right with this great item for your Pok\u00e9mon fan.<\/p>","protected":false},"featured_media":52691,"comment_status":"open","ping_status":"closed","template":"","meta":{"_acf_changed":false},"product_brand":[4188],"product_cat":[1925],"product_tag":[4181],"class_list":{"0":"post-43263","1":"product","2":"type-product","3":"status-publish","4":"has-post-thumbnail","6":"product_brand-pokemon","7":"product_cat-educational-toys-toys-games","8":"product_tag-pokemon","10":"first","11":"outofstock","12":"purchasable","13":"product-type-simple"},"acf":[],"_links":{"self":[{"href":"https:\/\/www.tendeal.qa\/ar\/wp-json\/wp\/v2\/product\/43263","targetHints":{"allow":["GET"]}}],"collection":[{"href":"https:\/\/www.tendeal.qa\/ar\/wp-json\/wp\/v2\/product"}],"about":[{"href":"https:\/\/www.tendeal.qa\/ar\/wp-json\/wp\/v2\/types\/product"}],"replies":[{"embeddable":true,"href":"https:\/\/www.tendeal.qa\/ar\/wp-json\/wp\/v2\/comments?post=43263"}],"wp:featuredmedia":[{"embeddable":true,"href":"https:\/\/www.tendeal.qa\/ar\/wp-json\/wp\/v2\/media\/52691"}],"wp:attachment":[{"href":"https:\/\/www.tendeal.qa\/ar\/wp-json\/wp\/v2\/media?parent=43263"}],"wp:term":[{"taxonomy":"product_brand","embeddable":true,"href":"https:\/\/www.tendeal.qa\/ar\/wp-json\/wp\/v2\/product_brand?post=43263"},{"taxonomy":"product_cat","embeddable":true,"href":"https:\/\/www.tendeal.qa\/ar\/wp-json\/wp\/v2\/product_cat?post=43263"},{"taxonomy":"product_tag","embeddable":true,"href":"https:\/\/www.tendeal.qa\/ar\/wp-json\/wp\/v2\/product_tag?post=43263"}],"curies":[{"name":"\u062f\u0628\u0644\u064a\u0648 \u0628\u064a","href":"https:\/\/api.w.org\/{rel}","templated":true}]}}