{"id":38490,"date":"2025-06-17T13:00:13","date_gmt":"2025-06-17T13:00:13","guid":{"rendered":"http:\/\/18.196.36.165\/product\/pokemon-tcg-scarlet-violet-sv07-elite-trainer-box\/"},"modified":"2025-07-02T11:56:08","modified_gmt":"2025-07-02T11:56:08","slug":"pokemon-tcg-scarlet-violet-sv07-elite-trainer-box","status":"publish","type":"product","link":"https:\/\/www.tendeal.qa\/ar\/product\/pokemon-tcg-scarlet-violet-sv07-elite-trainer-box\/","title":{"rendered":"Pok\u00e9mon Tcg: Scarlet &#038; Violet Sv07 Elite Trainer Box"},"content":{"rendered":"<p>Descend into a world below the surface and discover the true potential of the terastal phenomenon! Legendary Pok\u00e9mon Terapagos takes the throne, along with Cinderace Ex, Lapras ex and Galvantula ex, all of whom are brilliant new powers like Stellar Tera Pok\u00e9mon ex. The newly discovered Hydrapple-Ex leads even more Pok\u00e9mon ex into battle, and ACE SPEC cards shake the game in the Pok\u00e9mon TCG: Scarlet &amp; Violet &#8211; Stellar Crown expansion!<\/p>","protected":false},"excerpt":{"rendered":"<p>Descend into a world below the surface and discover the true potential of the terastal phenomenon! Legendary Pok\u00e9mon Terapagos takes the throne, along with Cinderace Ex, Lapras ex and Galvantula ex, all of whom are brilliant new powers like Stellar Tera Pok\u00e9mon ex. The newly discovered Hydrapple-Ex leads even more Pok\u00e9mon ex into battle, and [&hellip;]<\/p>","protected":false},"featured_media":58518,"comment_status":"open","ping_status":"closed","template":"","meta":{"_acf_changed":false},"product_brand":[4188],"product_cat":[4164],"product_tag":[4181],"class_list":{"0":"post-38490","1":"product","2":"type-product","3":"status-publish","4":"has-post-thumbnail","6":"product_brand-pokemon","7":"product_cat-collectibles","8":"product_tag-pokemon","10":"first","11":"instock","12":"purchasable","13":"product-type-simple"},"acf":[],"_links":{"self":[{"href":"https:\/\/www.tendeal.qa\/ar\/wp-json\/wp\/v2\/product\/38490","targetHints":{"allow":["GET"]}}],"collection":[{"href":"https:\/\/www.tendeal.qa\/ar\/wp-json\/wp\/v2\/product"}],"about":[{"href":"https:\/\/www.tendeal.qa\/ar\/wp-json\/wp\/v2\/types\/product"}],"replies":[{"embeddable":true,"href":"https:\/\/www.tendeal.qa\/ar\/wp-json\/wp\/v2\/comments?post=38490"}],"wp:featuredmedia":[{"embeddable":true,"href":"https:\/\/www.tendeal.qa\/ar\/wp-json\/wp\/v2\/media\/58518"}],"wp:attachment":[{"href":"https:\/\/www.tendeal.qa\/ar\/wp-json\/wp\/v2\/media?parent=38490"}],"wp:term":[{"taxonomy":"product_brand","embeddable":true,"href":"https:\/\/www.tendeal.qa\/ar\/wp-json\/wp\/v2\/product_brand?post=38490"},{"taxonomy":"product_cat","embeddable":true,"href":"https:\/\/www.tendeal.qa\/ar\/wp-json\/wp\/v2\/product_cat?post=38490"},{"taxonomy":"product_tag","embeddable":true,"href":"https:\/\/www.tendeal.qa\/ar\/wp-json\/wp\/v2\/product_tag?post=38490"}],"curies":[{"name":"\u062f\u0628\u0644\u064a\u0648 \u0628\u064a","href":"https:\/\/api.w.org\/{rel}","templated":true}]}}