{"id":15281,"date":"2025-05-26T12:34:06","date_gmt":"2025-05-26T12:34:06","guid":{"rendered":"http:\/\/18.196.36.165\/product\/luminous-purity-candle\/"},"modified":"2025-05-28T07:02:13","modified_gmt":"2025-05-28T07:02:13","slug":"luminous-purity-candle","status":"publish","type":"product","link":"https:\/\/www.tendeal.qa\/ar\/product\/luminous-purity-candle\/","title":{"rendered":"\u0634\u0645\u0639\u0629 \u0627\u0644\u0646\u0642\u0627\u0621 \u0627\u0644\u0645\u0636\u064a\u0621"},"content":{"rendered":"<p>Creating a pure and comfortable-for-feeling space. It is made as a porcelain cup, and neutralized its gloss of white with natural lines, simple and warm.<\/p>\n<p>SKU \/ Fragrance CVC704PN \/ Plum &amp; Cinnamon\uff1b<br \/>\nVolume: 245g<br \/>\nProduct Dimension; 7\u00d77\u00d79.5cm<br \/>\nPackaging Dimension: 7.7\u00d77.7\u00d79.8cm<br \/>\nRoom Area: \uff1c20sqm<br \/>\nDiffusion Duration: 60 hours<\/p>","protected":false},"excerpt":{"rendered":"<p>Creating a pure and comfortable-for-feeling space. It is made as a porcelain cup, and neutralized its gloss of white with natural lines, simple and warm. SKU \/ Fragrance CVC704PN \/ Plum &amp; Cinnamon\uff1b Volume: 245g Product Dimension; 7\u00d77\u00d79.5cm Packaging Dimension: 7.7\u00d77.7\u00d79.8cm Room Area: \uff1c20sqm Diffusion Duration: 60 hours<\/p>","protected":false},"featured_media":17392,"comment_status":"open","ping_status":"closed","template":"","meta":{"_acf_changed":false},"product_brand":[102],"product_cat":[2469],"product_tag":[2470,2467],"class_list":{"0":"post-15281","1":"product","2":"type-product","3":"status-publish","4":"has-post-thumbnail","6":"product_brand-chando","7":"product_cat-candles","8":"product_tag-candles","9":"product_tag-home-fragrance","11":"first","12":"instock","13":"purchasable","14":"product-type-simple"},"acf":[],"_links":{"self":[{"href":"https:\/\/www.tendeal.qa\/ar\/wp-json\/wp\/v2\/product\/15281","targetHints":{"allow":["GET"]}}],"collection":[{"href":"https:\/\/www.tendeal.qa\/ar\/wp-json\/wp\/v2\/product"}],"about":[{"href":"https:\/\/www.tendeal.qa\/ar\/wp-json\/wp\/v2\/types\/product"}],"replies":[{"embeddable":true,"href":"https:\/\/www.tendeal.qa\/ar\/wp-json\/wp\/v2\/comments?post=15281"}],"wp:featuredmedia":[{"embeddable":true,"href":"https:\/\/www.tendeal.qa\/ar\/wp-json\/wp\/v2\/media\/17392"}],"wp:attachment":[{"href":"https:\/\/www.tendeal.qa\/ar\/wp-json\/wp\/v2\/media?parent=15281"}],"wp:term":[{"taxonomy":"product_brand","embeddable":true,"href":"https:\/\/www.tendeal.qa\/ar\/wp-json\/wp\/v2\/product_brand?post=15281"},{"taxonomy":"product_cat","embeddable":true,"href":"https:\/\/www.tendeal.qa\/ar\/wp-json\/wp\/v2\/product_cat?post=15281"},{"taxonomy":"product_tag","embeddable":true,"href":"https:\/\/www.tendeal.qa\/ar\/wp-json\/wp\/v2\/product_tag?post=15281"}],"curies":[{"name":"\u062f\u0628\u0644\u064a\u0648 \u0628\u064a","href":"https:\/\/api.w.org\/{rel}","templated":true}]}}